{"id":1626,"date":"2021-07-12T22:20:29","date_gmt":"2021-07-13T01:20:29","guid":{"rendered":"https:\/\/marcelocuinhachef.com.br\/?page_id=1626"},"modified":"2021-07-12T23:38:17","modified_gmt":"2021-07-13T02:38:17","slug":"personal-chef","status":"publish","type":"page","link":"https:\/\/marcelocuinhachef.com.br\/?page_id=1626","title":{"rendered":"Personal Chef"},"content":{"rendered":"\t\t<div data-elementor-type=\"wp-page\" data-elementor-id=\"1626\" class=\"elementor elementor-1626\" data-elementor-settings=\"[]\">\n\t\t\t\t\t\t\t<div class=\"elementor-section-wrap\">\n\t\t\t\t\t\t\t<section data-particle_enable=\"false\" data-particle-mobile-disabled=\"false\" class=\"elementor-section elementor-top-section elementor-element elementor-element-f5c86f2 elementor-section-stretched elementor-section-boxed elementor-section-height-default elementor-section-height-default\" data-id=\"f5c86f2\" data-element_type=\"section\" data-settings=\"{&quot;stretch_section&quot;:&quot;section-stretched&quot;,&quot;background_background&quot;:&quot;classic&quot;,&quot;ekit_has_onepagescroll_dot&quot;:&quot;yes&quot;}\">\n\t\t\t\t\t\t\t<div class=\"elementor-background-overlay\"><\/div>\n\t\t\t\t\t\t\t<div class=\"elementor-container elementor-column-gap-default\">\n\t\t\t\t\t<div class=\"elementor-column elementor-col-100 elementor-top-column elementor-element elementor-element-03e1cb4\" data-id=\"03e1cb4\" data-element_type=\"column\">\n\t\t\t<div class=\"elementor-widget-wrap elementor-element-populated\">\n\t\t\t\t\t\t\t\t<div class=\"elementor-element elementor-element-8c390a7 elementor-widget elementor-widget-heading\" data-id=\"8c390a7\" data-element_type=\"widget\" data-settings=\"{&quot;ekit_we_effect_on&quot;:&quot;none&quot;}\" data-widget_type=\"heading.default\">\n\t\t\t\t<div class=\"elementor-widget-container\">\n\t\t\t<h1 class=\"elementor-heading-title elementor-size-default\">Personal Chef<\/h1>\t\t<\/div>\n\t\t\t\t<\/div>\n\t\t\t\t\t<\/div>\n\t\t<\/div>\n\t\t\t\t\t\t\t<\/div>\n\t\t<\/section>\n\t\t\t\t<section data-particle_enable=\"false\" data-particle-mobile-disabled=\"false\" class=\"elementor-section elementor-top-section elementor-element elementor-element-7617d12 elementor-section-boxed elementor-section-height-default elementor-section-height-default\" data-id=\"7617d12\" data-element_type=\"section\" data-settings=\"{&quot;ekit_has_onepagescroll_dot&quot;:&quot;yes&quot;}\">\n\t\t\t\t\t\t<div class=\"elementor-container elementor-column-gap-default\">\n\t\t\t\t\t<div class=\"elementor-column elementor-col-100 elementor-top-column elementor-element elementor-element-1360a3c\" data-id=\"1360a3c\" data-element_type=\"column\">\n\t\t\t<div class=\"elementor-widget-wrap elementor-element-populated\">\n\t\t\t\t\t\t\t\t<div class=\"elementor-element elementor-element-8dab89c elementor-widget elementor-widget-text-editor\" data-id=\"8dab89c\" data-element_type=\"widget\" data-settings=\"{&quot;ekit_we_effect_on&quot;:&quot;none&quot;}\" data-widget_type=\"text-editor.default\">\n\t\t\t\t<div class=\"elementor-widget-container\">\n\t\t\t\t\t<div class=\"elementor-text-editor elementor-clearfix\"><p>Card\u00e1pios de acordo com a indica\u00e7\u00e3o do seu nutricionista,<\/p><p>ou seguindo uma dieta com os pratos da sua preferencia ou costume pessoal.<\/p><p>Conhe\u00e7a algumas de nossas sugest\u00f5es!<\/p><\/div>\n\t\t\t\t<\/div>\n\t\t\t\t<\/div>\n\t\t\t\t\t<\/div>\n\t\t<\/div>\n\t\t\t\t\t\t\t<\/div>\n\t\t<\/section>\n\t\t\t\t<section data-particle_enable=\"false\" data-particle-mobile-disabled=\"false\" class=\"elementor-section elementor-top-section elementor-element elementor-element-275d7fd elementor-section-stretched elementor-section-boxed elementor-section-height-default elementor-section-height-default\" data-id=\"275d7fd\" data-element_type=\"section\" data-settings=\"{&quot;stretch_section&quot;:&quot;section-stretched&quot;,&quot;ekit_has_onepagescroll_dot&quot;:&quot;yes&quot;}\">\n\t\t\t\t\t\t<div class=\"elementor-container elementor-column-gap-default\">\n\t\t\t\t\t<div class=\"elementor-column elementor-col-100 elementor-top-column elementor-element elementor-element-bf24a9f animated-slow\" data-id=\"bf24a9f\" data-element_type=\"column\" data-settings=\"{&quot;animation&quot;:&quot;none&quot;}\">\n\t\t\t<div class=\"elementor-widget-wrap elementor-element-populated\">\n\t\t\t\t\t\t\t\t<div class=\"elementor-element elementor-element-bb82252 animated-slow elementor-invisible elementor-widget elementor-widget-elementskit-gallery\" data-id=\"bb82252\" data-element_type=\"widget\" data-settings=\"{&quot;ekit_gallery_columns&quot;:&quot;4&quot;,&quot;_animation&quot;:&quot;zoomInUp&quot;,&quot;_animation_delay&quot;:100,&quot;ekit_gallery_columns_tablet&quot;:&quot;2&quot;,&quot;ekit_gallery_columns_mobile&quot;:&quot;1&quot;,&quot;ekit_we_effect_on&quot;:&quot;none&quot;}\" data-widget_type=\"elementskit-gallery.default\">\n\t\t\t\t<div class=\"elementor-widget-container\">\n\t\t\t<div class=\"ekit-wid-con\" >                        <div class=\"ekit_gallery_grid_wraper\"><div id=\"ekit_gallery_bb82252\" class=\"ekit_gallery_grid\" data-tilt-config=\"{&quot;disableAxis&quot;:null,&quot;easing&quot;:&quot;cubic-bezier(.03, .98, .52, .99)&quot;,&quot;glare&quot;:false,&quot;transition&quot;:true}\" data-masonry-config=\"{&quot;itemSelector&quot;:&quot;.ekit_gallery_grid_item&quot;}\">                                <div class=\"ekit_gallery_grid_item ekit_gallery__filter-cardpio gallery_grid_style\">\n                    <div class=\"elementskit-single-portfolio-item \"\n                                        >\n                        <div class=\"elementskit-portfolio-thumb\"\n                                                style=\"padding-bottom: calc(1.6 * 100%)\"\n                                                >\n                        <img class=\"elementskit-grid__img\" src=\"https:\/\/marcelocuinhachef.com.br\/wp-content\/uploads\/2021\/07\/Principal.jpg\" alt=\"gallery grid image\"\/>\n                        <\/div>\n                        <div class=\"elementskit-hover-area\">\n                            <div class=\"elementskit-hover-content ekit_vertical_alignment_center\">\n                                                                                                                                                                <div class=\"elementskit-gallery-popup-icon-wraper\">\n                                    <a href=\"https:\/\/marcelocuinhachef.com.br\/wp-content\/uploads\/2021\/07\/Principal.jpg\" data-effect=\"mfp-zoom-in\"\n                                    class=\"elementskit-gallery-icon elementor-clickable\"\n                                                                            data-elementor-lightbox-slideshow=\"bb82252\"\n                                                                            >\n\n                                        <i aria-hidden=\"true\" class=\"icon icon-plus-circle\"><\/i>\n                                    <\/a>\n                                <\/div>\n                                                            <\/div>\n                        <\/div><!-- .elementskit-hover-area END -->\n                                                <div class=\"ekit-gallery-image-overlay\"><\/div>\n                                            <\/div><!-- .elementskit-single-portfolio-item END -->\n                <\/div>\n\n                                                \n                            <div class=\"ekit_gallery_grid_item ekit_gallery__filter-cardpio gallery_grid_style\">\n                    <div class=\"elementskit-single-portfolio-item \"\n                                        >\n                        <div class=\"elementskit-portfolio-thumb\"\n                                                style=\"padding-bottom: calc(1.6 * 100%)\"\n                                                >\n                        <img class=\"elementskit-grid__img\" src=\"https:\/\/marcelocuinhachef.com.br\/wp-content\/uploads\/2021\/07\/Low-Carb.png\" alt=\"gallery grid image\"\/>\n                        <\/div>\n                        <div class=\"elementskit-hover-area\">\n                            <div class=\"elementskit-hover-content ekit_vertical_alignment_center\">\n                                                                                                                                                                <div class=\"elementskit-gallery-popup-icon-wraper\">\n                                    <a href=\"https:\/\/marcelocuinhachef.com.br\/wp-content\/uploads\/2021\/07\/Low-Carb.png\" data-effect=\"mfp-zoom-in\"\n                                    class=\"elementskit-gallery-icon elementor-clickable\"\n                                                                            data-elementor-lightbox-slideshow=\"bb82252\"\n                                                                            >\n\n                                        <i aria-hidden=\"true\" class=\"icon icon-plus-circle\"><\/i>\n                                    <\/a>\n                                <\/div>\n                                                            <\/div>\n                        <\/div><!-- .elementskit-hover-area END -->\n                                                <div class=\"ekit-gallery-image-overlay\"><\/div>\n                                            <\/div><!-- .elementskit-single-portfolio-item END -->\n                <\/div>\n\n                                                \n                            <div class=\"ekit_gallery_grid_item ekit_gallery__filter-cardpio gallery_grid_style\">\n                    <div class=\"elementskit-single-portfolio-item \"\n                                        >\n                        <div class=\"elementskit-portfolio-thumb\"\n                                                style=\"padding-bottom: calc(1.6 * 100%)\"\n                                                >\n                        <img class=\"elementskit-grid__img\" src=\"https:\/\/marcelocuinhachef.com.br\/wp-content\/uploads\/2021\/07\/Low-Carb-Vegetariano-1.jpg\" alt=\"gallery grid image\"\/>\n                        <\/div>\n                        <div class=\"elementskit-hover-area\">\n                            <div class=\"elementskit-hover-content ekit_vertical_alignment_center\">\n                                                                                                                                                                <div class=\"elementskit-gallery-popup-icon-wraper\">\n                                    <a href=\"https:\/\/marcelocuinhachef.com.br\/wp-content\/uploads\/2021\/07\/Low-Carb-Vegetariano-1.jpg\" data-effect=\"mfp-zoom-in\"\n                                    class=\"elementskit-gallery-icon elementor-clickable\"\n                                                                            data-elementor-lightbox-slideshow=\"bb82252\"\n                                                                            >\n\n                                        <i aria-hidden=\"true\" class=\"icon icon-plus-circle\"><\/i>\n                                    <\/a>\n                                <\/div>\n                                                            <\/div>\n                        <\/div><!-- .elementskit-hover-area END -->\n                                                <div class=\"ekit-gallery-image-overlay\"><\/div>\n                                            <\/div><!-- .elementskit-single-portfolio-item END -->\n                <\/div>\n\n                                                \n                            <div class=\"ekit_gallery_grid_item ekit_gallery__filter-cardpio gallery_grid_style\">\n                    <div class=\"elementskit-single-portfolio-item \"\n                                        >\n                        <div class=\"elementskit-portfolio-thumb\"\n                                                style=\"padding-bottom: calc(1.6 * 100%)\"\n                                                >\n                        <img class=\"elementskit-grid__img\" src=\"https:\/\/marcelocuinhachef.com.br\/wp-content\/uploads\/2021\/07\/Low-Carb-Vegetariano-2.jpg\" alt=\"gallery grid image\"\/>\n                        <\/div>\n                        <div class=\"elementskit-hover-area\">\n                            <div class=\"elementskit-hover-content ekit_vertical_alignment_center\">\n                                                                                                                                                                <div class=\"elementskit-gallery-popup-icon-wraper\">\n                                    <a href=\"https:\/\/marcelocuinhachef.com.br\/wp-content\/uploads\/2021\/07\/Low-Carb-Vegetariano-2.jpg\" data-effect=\"mfp-zoom-in\"\n                                    class=\"elementskit-gallery-icon elementor-clickable\"\n                                                                            data-elementor-lightbox-slideshow=\"bb82252\"\n                                                                            >\n\n                                        <i aria-hidden=\"true\" class=\"icon icon-plus-circle\"><\/i>\n                                    <\/a>\n                                <\/div>\n                                                            <\/div>\n                        <\/div><!-- .elementskit-hover-area END -->\n                                                <div class=\"ekit-gallery-image-overlay\"><\/div>\n                                            <\/div><!-- .elementskit-single-portfolio-item END -->\n                <\/div>\n\n                                                \n            <\/div><\/div><\/div>\t\t<\/div>\n\t\t\t\t<\/div>\n\t\t\t\t\t<\/div>\n\t\t<\/div>\n\t\t\t\t\t\t\t<\/div>\n\t\t<\/section>\n\t\t\t\t<section data-particle_enable=\"false\" data-particle-mobile-disabled=\"false\" class=\"elementor-section elementor-top-section elementor-element elementor-element-87b302b elementor-section-boxed elementor-section-height-default elementor-section-height-default\" data-id=\"87b302b\" data-element_type=\"section\" data-settings=\"{&quot;ekit_has_onepagescroll_dot&quot;:&quot;yes&quot;}\">\n\t\t\t\t\t\t<div class=\"elementor-container elementor-column-gap-default\">\n\t\t\t\t\t<div class=\"elementor-column elementor-col-50 elementor-top-column elementor-element elementor-element-d558620\" data-id=\"d558620\" data-element_type=\"column\">\n\t\t\t<div class=\"elementor-widget-wrap elementor-element-populated\">\n\t\t\t\t\t\t\t\t<div class=\"elementor-element elementor-element-a6925f4 elementor-widget elementor-widget-text-editor\" data-id=\"a6925f4\" data-element_type=\"widget\" data-settings=\"{&quot;ekit_we_effect_on&quot;:&quot;none&quot;}\" data-widget_type=\"text-editor.default\">\n\t\t\t\t<div class=\"elementor-widget-container\">\n\t\t\t\t\t<div class=\"elementor-text-editor elementor-clearfix\"><p>Atenc\u00e3o!<\/p><p>Pedido m\u00ednimo 07 pratos.<\/p><p>Consulte Taxa de entrega.<\/p><\/div>\n\t\t\t\t<\/div>\n\t\t\t\t<\/div>\n\t\t\t\t\t<\/div>\n\t\t<\/div>\n\t\t\t\t<div class=\"elementor-column elementor-col-50 elementor-top-column elementor-element elementor-element-ee1294c\" data-id=\"ee1294c\" data-element_type=\"column\">\n\t\t\t<div class=\"elementor-widget-wrap elementor-element-populated\">\n\t\t\t\t\t\t\t\t<div class=\"elementor-element elementor-element-02382e4 elementor-widget elementor-widget-text-editor\" data-id=\"02382e4\" data-element_type=\"widget\" data-settings=\"{&quot;ekit_we_effect_on&quot;:&quot;none&quot;}\" data-widget_type=\"text-editor.default\">\n\t\t\t\t<div class=\"elementor-widget-container\">\n\t\t\t\t\t<div class=\"elementor-text-editor elementor-clearfix\"><p>Para pedir \u00e9 s\u00f3 falar com a Jana!<\/p><\/div>\n\t\t\t\t<\/div>\n\t\t\t\t<\/div>\n\t\t\t\t<div class=\"elementor-element elementor-element-8421210 e-grid-align-left elementor-shape-rounded elementor-grid-0 elementor-widget elementor-widget-social-icons\" data-id=\"8421210\" data-element_type=\"widget\" data-settings=\"{&quot;ekit_we_effect_on&quot;:&quot;none&quot;}\" data-widget_type=\"social-icons.default\">\n\t\t\t\t<div class=\"elementor-widget-container\">\n\t\t\t\t\t<div class=\"elementor-social-icons-wrapper elementor-grid\">\n\t\t\t\t\t\t\t<div class=\"elementor-grid-item\">\n\t\t\t\t\t<a class=\"elementor-icon elementor-social-icon elementor-social-icon-whatsapp elementor-animation-pulse elementor-repeater-item-2b93add\" href=\"https:\/\/api.whatsapp.com\/send?phone=5511989014323&#038;text=Ol%C3%A1!%20qual%20ser%C3%A1%20o%20seu%20pedido%3F\" target=\"_blank\">\n\t\t\t\t\t\t<span class=\"elementor-screen-only\">Whatsapp<\/span>\n\t\t\t\t\t\t<i class=\"fab fa-whatsapp\"><\/i>\t\t\t\t\t<\/a>\n\t\t\t\t<\/div>\n\t\t\t\t\t<\/div>\n\t\t\t\t<\/div>\n\t\t\t\t<\/div>\n\t\t\t\t\t<\/div>\n\t\t<\/div>\n\t\t\t\t\t\t\t<\/div>\n\t\t<\/section>\n\t\t\t\t\t\t<\/div>\n\t\t\t\t\t<\/div>\n\t\t","protected":false},"excerpt":{"rendered":"<p>Personal Chef Card\u00e1pios de acordo com a indica\u00e7\u00e3o do seu nutricionista, ou seguindo uma dieta com os pratos da sua preferencia ou costume pessoal. Conhe\u00e7a algumas de nossas sugest\u00f5es! Atenc\u00e3o! Pedido m\u00ednimo 07 pratos. Consulte Taxa de entrega. Para pedir \u00e9 s\u00f3 falar com a Jana! Whatsapp<\/p>\n","protected":false},"author":1,"featured_media":0,"parent":0,"menu_order":0,"comment_status":"closed","ping_status":"closed","template":"elementor_header_footer","meta":[],"yst_prominent_words":[],"yoast_head":"<!-- This site is optimized with the Yoast SEO Premium plugin v14.2 - https:\/\/yoast.com\/wordpress\/plugins\/seo\/ -->\n<title>Personal Chef - Marcelo Cuinha Chef<\/title>\n<meta name=\"robots\" content=\"index, follow\" \/>\n<meta name=\"googlebot\" content=\"index, follow, max-snippet:-1, max-image-preview:large, max-video-preview:-1\" \/>\n<meta name=\"bingbot\" content=\"index, follow, max-snippet:-1, max-image-preview:large, max-video-preview:-1\" \/>\n<link rel=\"canonical\" href=\"https:\/\/marcelocuinhachef.com.br\/?page_id=1626\" \/>\n<meta property=\"og:locale\" content=\"pt_BR\" \/>\n<meta property=\"og:type\" content=\"article\" \/>\n<meta property=\"og:title\" content=\"Personal Chef - Marcelo Cuinha Chef\" \/>\n<meta property=\"og:description\" content=\"Personal Chef Card\u00e1pios de acordo com a indica\u00e7\u00e3o do seu nutricionista, ou seguindo uma dieta com os pratos da sua preferencia ou costume pessoal. Conhe\u00e7a algumas de nossas sugest\u00f5es! Atenc\u00e3o! Pedido m\u00ednimo 07 pratos. Consulte Taxa de entrega. Para pedir \u00e9 s\u00f3 falar com a Jana! Whatsapp\" \/>\n<meta property=\"og:url\" content=\"https:\/\/marcelocuinhachef.com.br\/?page_id=1626\" \/>\n<meta property=\"og:site_name\" content=\"Marcelo Cuinha Chef\" \/>\n<meta property=\"article:modified_time\" content=\"2021-07-13T02:38:17+00:00\" \/>\n<meta property=\"og:image\" content=\"https:\/\/marcelocuinhachef.com.br\/wp-content\/uploads\/2021\/07\/Principal.jpg\" \/>\n<meta name=\"twitter:card\" content=\"summary_large_image\" \/>\n<script type=\"application\/ld+json\" class=\"yoast-schema-graph\">{\"@context\":\"https:\/\/schema.org\",\"@graph\":[{\"@type\":\"WebSite\",\"@id\":\"https:\/\/marcelocuinhachef.com.br\/#website\",\"url\":\"https:\/\/marcelocuinhachef.com.br\/\",\"name\":\"Marcelo Cuinha Chef\",\"description\":\"Sabor, Muito Sabor!\",\"potentialAction\":[{\"@type\":\"SearchAction\",\"target\":\"https:\/\/marcelocuinhachef.com.br\/?s={search_term_string}\",\"query-input\":\"required name=search_term_string\"}],\"inLanguage\":\"pt-BR\"},{\"@type\":\"ImageObject\",\"@id\":\"https:\/\/marcelocuinhachef.com.br\/?page_id=1626#primaryimage\",\"inLanguage\":\"pt-BR\",\"url\":\"https:\/\/marcelocuinhachef.com.br\/wp-content\/uploads\/2021\/07\/Principal.jpg\",\"width\":595,\"height\":842,\"caption\":\"Principal\"},{\"@type\":\"WebPage\",\"@id\":\"https:\/\/marcelocuinhachef.com.br\/?page_id=1626#webpage\",\"url\":\"https:\/\/marcelocuinhachef.com.br\/?page_id=1626\",\"name\":\"Personal Chef - Marcelo Cuinha Chef\",\"isPartOf\":{\"@id\":\"https:\/\/marcelocuinhachef.com.br\/#website\"},\"primaryImageOfPage\":{\"@id\":\"https:\/\/marcelocuinhachef.com.br\/?page_id=1626#primaryimage\"},\"datePublished\":\"2021-07-13T01:20:29+00:00\",\"dateModified\":\"2021-07-13T02:38:17+00:00\",\"inLanguage\":\"pt-BR\",\"potentialAction\":[{\"@type\":\"ReadAction\",\"target\":[\"https:\/\/marcelocuinhachef.com.br\/?page_id=1626\"]}]}]}<\/script>\n<!-- \/ Yoast SEO Premium plugin. -->","_links":{"self":[{"href":"https:\/\/marcelocuinhachef.com.br\/index.php?rest_route=\/wp\/v2\/pages\/1626"}],"collection":[{"href":"https:\/\/marcelocuinhachef.com.br\/index.php?rest_route=\/wp\/v2\/pages"}],"about":[{"href":"https:\/\/marcelocuinhachef.com.br\/index.php?rest_route=\/wp\/v2\/types\/page"}],"author":[{"embeddable":true,"href":"https:\/\/marcelocuinhachef.com.br\/index.php?rest_route=\/wp\/v2\/users\/1"}],"replies":[{"embeddable":true,"href":"https:\/\/marcelocuinhachef.com.br\/index.php?rest_route=%2Fwp%2Fv2%2Fcomments&post=1626"}],"version-history":[{"count":19,"href":"https:\/\/marcelocuinhachef.com.br\/index.php?rest_route=\/wp\/v2\/pages\/1626\/revisions"}],"predecessor-version":[{"id":1654,"href":"https:\/\/marcelocuinhachef.com.br\/index.php?rest_route=\/wp\/v2\/pages\/1626\/revisions\/1654"}],"wp:attachment":[{"href":"https:\/\/marcelocuinhachef.com.br\/index.php?rest_route=%2Fwp%2Fv2%2Fmedia&parent=1626"}],"wp:term":[{"taxonomy":"yst_prominent_words","embeddable":true,"href":"https:\/\/marcelocuinhachef.com.br\/index.php?rest_route=%2Fwp%2Fv2%2Fyst_prominent_words&post=1626"}],"curies":[{"name":"wp","href":"https:\/\/api.w.org\/{rel}","templated":true}]}}